{"id":2,"date":"2019-03-19T11:47:51","date_gmt":"2019-03-04T16:56:29","guid":{"rendered":"https:\/\/stagingvoltige.confettidessert.ca\/?page_id=2"},"modified":"2025-12-14T09:27:08","modified_gmt":"2025-12-14T14:27:08","slug":"accueil","status":"publish","type":"page","link":"https:\/\/stagingvoltige.confettidessert.ca\/fr\/","title":{"rendered":"Accueil"},"content":{"rendered":"","protected":false},"excerpt":{"rendered":"","protected":false},"author":1,"featured_media":0,"parent":0,"menu_order":24,"comment_status":"closed","ping_status":"closed","template":"template-home.blade.php","meta":{"_acf_changed":false,"_exactmetrics_skip_tracking":false,"_exactmetrics_sitenote_active":false,"_exactmetrics_sitenote_note":"","_exactmetrics_sitenote_category":0,"ngg_post_thumbnail":0,"footnotes":""},"class_list":["post-2","page","type-page","status-publish","hentry"],"acf":[],"yoast_head":"<!-- This site is optimized with the Yoast SEO plugin v27.3 - https:\/\/yoast.com\/product\/yoast-seo-wordpress\/ -->\n<title>Meilleure \u00e9cole de parachute \u00e0 proximit\u00e9 de Montr\u00e9al | Voltige<\/title>\n<meta name=\"description\" content=\"D\u00e9crochez de votre quotidien, oubliez vos tracas et venez vous divertir avec nous pour un saut en parachute. Seulement \u00e0 45 minutes de Montr\u00e9al. On vous attend!\" \/>\n<meta name=\"robots\" content=\"index, follow, max-snippet:-1, max-image-preview:large, max-video-preview:-1\" \/>\n<link rel=\"canonical\" href=\"https:\/\/stagingvoltige.confettidessert.ca\/fr\/\" \/>\n<meta property=\"og:locale\" content=\"fr_CA\" \/>\n<meta property=\"og:type\" content=\"article\" \/>\n<meta property=\"og:title\" content=\"Meilleure \u00e9cole de parachute \u00e0 proximit\u00e9 de Montr\u00e9al | Voltige\" \/>\n<meta property=\"og:description\" content=\"D\u00e9crochez de votre quotidien, oubliez vos tracas et venez vous divertir avec nous pour un saut en parachute. Seulement \u00e0 45 minutes de Montr\u00e9al. On vous attend!\" \/>\n<meta property=\"og:url\" content=\"https:\/\/stagingvoltige.confettidessert.ca\/fr\/\" \/>\n<meta property=\"og:site_name\" content=\"Parachute Voltige\" \/>\n<meta property=\"article:modified_time\" content=\"2025-12-14T14:27:08+00:00\" \/>\n<meta name=\"twitter:card\" content=\"summary_large_image\" \/>\n<script type=\"application\/ld+json\" class=\"yoast-schema-graph\">{\"@context\":\"https:\\\/\\\/schema.org\",\"@graph\":[{\"@type\":\"WebPage\",\"@id\":\"https:\\\/\\\/stagingvoltige.confettidessert.ca\\\/fr\\\/\",\"url\":\"https:\\\/\\\/stagingvoltige.confettidessert.ca\\\/fr\\\/\",\"name\":\"Meilleure \u00e9cole de parachute \u00e0 proximit\u00e9 de Montr\u00e9al | Voltige\",\"isPartOf\":{\"@id\":\"https:\\\/\\\/stagingvoltige.confettidessert.ca\\\/fr\\\/#website\"},\"datePublished\":\"2019-03-04T16:56:29+00:00\",\"dateModified\":\"2025-12-14T14:27:08+00:00\",\"description\":\"D\u00e9crochez de votre quotidien, oubliez vos tracas et venez vous divertir avec nous pour un saut en parachute. Seulement \u00e0 45 minutes de Montr\u00e9al. On vous attend!\",\"breadcrumb\":{\"@id\":\"https:\\\/\\\/stagingvoltige.confettidessert.ca\\\/fr\\\/#breadcrumb\"},\"inLanguage\":\"fr-CA\",\"potentialAction\":[{\"@type\":\"ReadAction\",\"target\":[\"https:\\\/\\\/stagingvoltige.confettidessert.ca\\\/fr\\\/\"]}]},{\"@type\":\"BreadcrumbList\",\"@id\":\"https:\\\/\\\/stagingvoltige.confettidessert.ca\\\/fr\\\/#breadcrumb\",\"itemListElement\":[{\"@type\":\"ListItem\",\"position\":1,\"name\":\"Home\",\"item\":\"https:\\\/\\\/stagingvoltige.confettidessert.ca\\\/fr\\\/\"},{\"@type\":\"ListItem\",\"position\":2,\"name\":\"Accueil\"}]},{\"@type\":\"WebSite\",\"@id\":\"https:\\\/\\\/stagingvoltige.confettidessert.ca\\\/fr\\\/#website\",\"url\":\"https:\\\/\\\/stagingvoltige.confettidessert.ca\\\/fr\\\/\",\"name\":\"Parachute Voltige\",\"description\":\"\",\"publisher\":{\"@id\":\"https:\\\/\\\/stagingvoltige.confettidessert.ca\\\/fr\\\/#organization\"},\"potentialAction\":[{\"@type\":\"SearchAction\",\"target\":{\"@type\":\"EntryPoint\",\"urlTemplate\":\"https:\\\/\\\/stagingvoltige.confettidessert.ca\\\/fr\\\/?s={search_term_string}\"},\"query-input\":{\"@type\":\"PropertyValueSpecification\",\"valueRequired\":true,\"valueName\":\"search_term_string\"}}],\"inLanguage\":\"fr-CA\"},{\"@type\":\"Organization\",\"@id\":\"https:\\\/\\\/stagingvoltige.confettidessert.ca\\\/fr\\\/#organization\",\"name\":\"Voltige | \u00c9cole de parachutisme\",\"url\":\"https:\\\/\\\/stagingvoltige.confettidessert.ca\\\/fr\\\/\",\"logo\":{\"@type\":\"ImageObject\",\"inLanguage\":\"fr-CA\",\"@id\":\"https:\\\/\\\/stagingvoltige.confettidessert.ca\\\/fr\\\/#\\\/schema\\\/logo\\\/image\\\/\",\"url\":\"https:\\\/\\\/stagingvoltige.confettidessert.ca\\\/wp-content\\\/uploads\\\/2019\\\/05\\\/Voltige_logo.png\",\"contentUrl\":\"https:\\\/\\\/stagingvoltige.confettidessert.ca\\\/wp-content\\\/uploads\\\/2019\\\/05\\\/Voltige_logo.png\",\"width\":462,\"height\":132,\"caption\":\"Voltige | \u00c9cole de parachutisme\"},\"image\":{\"@id\":\"https:\\\/\\\/stagingvoltige.confettidessert.ca\\\/fr\\\/#\\\/schema\\\/logo\\\/image\\\/\"}}]}<\/script>\n<!-- \/ Yoast SEO plugin. -->","yoast_head_json":{"title":"Meilleure \u00e9cole de parachute \u00e0 proximit\u00e9 de Montr\u00e9al | Voltige","description":"D\u00e9crochez de votre quotidien, oubliez vos tracas et venez vous divertir avec nous pour un saut en parachute. Seulement \u00e0 45 minutes de Montr\u00e9al. On vous attend!","robots":{"index":"index","follow":"follow","max-snippet":"max-snippet:-1","max-image-preview":"max-image-preview:large","max-video-preview":"max-video-preview:-1"},"canonical":"https:\/\/stagingvoltige.confettidessert.ca\/fr\/","og_locale":"fr_CA","og_type":"article","og_title":"Meilleure \u00e9cole de parachute \u00e0 proximit\u00e9 de Montr\u00e9al | Voltige","og_description":"D\u00e9crochez de votre quotidien, oubliez vos tracas et venez vous divertir avec nous pour un saut en parachute. Seulement \u00e0 45 minutes de Montr\u00e9al. On vous attend!","og_url":"https:\/\/stagingvoltige.confettidessert.ca\/fr\/","og_site_name":"Parachute Voltige","article_modified_time":"2025-12-14T14:27:08+00:00","twitter_card":"summary_large_image","schema":{"@context":"https:\/\/schema.org","@graph":[{"@type":"WebPage","@id":"https:\/\/stagingvoltige.confettidessert.ca\/fr\/","url":"https:\/\/stagingvoltige.confettidessert.ca\/fr\/","name":"Meilleure \u00e9cole de parachute \u00e0 proximit\u00e9 de Montr\u00e9al | Voltige","isPartOf":{"@id":"https:\/\/stagingvoltige.confettidessert.ca\/fr\/#website"},"datePublished":"2019-03-04T16:56:29+00:00","dateModified":"2025-12-14T14:27:08+00:00","description":"D\u00e9crochez de votre quotidien, oubliez vos tracas et venez vous divertir avec nous pour un saut en parachute. Seulement \u00e0 45 minutes de Montr\u00e9al. On vous attend!","breadcrumb":{"@id":"https:\/\/stagingvoltige.confettidessert.ca\/fr\/#breadcrumb"},"inLanguage":"fr-CA","potentialAction":[{"@type":"ReadAction","target":["https:\/\/stagingvoltige.confettidessert.ca\/fr\/"]}]},{"@type":"BreadcrumbList","@id":"https:\/\/stagingvoltige.confettidessert.ca\/fr\/#breadcrumb","itemListElement":[{"@type":"ListItem","position":1,"name":"Home","item":"https:\/\/stagingvoltige.confettidessert.ca\/fr\/"},{"@type":"ListItem","position":2,"name":"Accueil"}]},{"@type":"WebSite","@id":"https:\/\/stagingvoltige.confettidessert.ca\/fr\/#website","url":"https:\/\/stagingvoltige.confettidessert.ca\/fr\/","name":"Parachute Voltige","description":"","publisher":{"@id":"https:\/\/stagingvoltige.confettidessert.ca\/fr\/#organization"},"potentialAction":[{"@type":"SearchAction","target":{"@type":"EntryPoint","urlTemplate":"https:\/\/stagingvoltige.confettidessert.ca\/fr\/?s={search_term_string}"},"query-input":{"@type":"PropertyValueSpecification","valueRequired":true,"valueName":"search_term_string"}}],"inLanguage":"fr-CA"},{"@type":"Organization","@id":"https:\/\/stagingvoltige.confettidessert.ca\/fr\/#organization","name":"Voltige | \u00c9cole de parachutisme","url":"https:\/\/stagingvoltige.confettidessert.ca\/fr\/","logo":{"@type":"ImageObject","inLanguage":"fr-CA","@id":"https:\/\/stagingvoltige.confettidessert.ca\/fr\/#\/schema\/logo\/image\/","url":"https:\/\/stagingvoltige.confettidessert.ca\/wp-content\/uploads\/2019\/05\/Voltige_logo.png","contentUrl":"https:\/\/stagingvoltige.confettidessert.ca\/wp-content\/uploads\/2019\/05\/Voltige_logo.png","width":462,"height":132,"caption":"Voltige | \u00c9cole de parachutisme"},"image":{"@id":"https:\/\/stagingvoltige.confettidessert.ca\/fr\/#\/schema\/logo\/image\/"}}]}},"jetpack_sharing_enabled":true,"_links":{"self":[{"href":"https:\/\/stagingvoltige.confettidessert.ca\/fr\/wp-json\/wp\/v2\/pages\/2","targetHints":{"allow":["GET"]}}],"collection":[{"href":"https:\/\/stagingvoltige.confettidessert.ca\/fr\/wp-json\/wp\/v2\/pages"}],"about":[{"href":"https:\/\/stagingvoltige.confettidessert.ca\/fr\/wp-json\/wp\/v2\/types\/page"}],"author":[{"embeddable":true,"href":"https:\/\/stagingvoltige.confettidessert.ca\/fr\/wp-json\/wp\/v2\/users\/1"}],"replies":[{"embeddable":true,"href":"https:\/\/stagingvoltige.confettidessert.ca\/fr\/wp-json\/wp\/v2\/comments?post=2"}],"version-history":[{"count":110,"href":"https:\/\/stagingvoltige.confettidessert.ca\/fr\/wp-json\/wp\/v2\/pages\/2\/revisions"}],"predecessor-version":[{"id":199233,"href":"https:\/\/stagingvoltige.confettidessert.ca\/fr\/wp-json\/wp\/v2\/pages\/2\/revisions\/199233"}],"wp:attachment":[{"href":"https:\/\/stagingvoltige.confettidessert.ca\/fr\/wp-json\/wp\/v2\/media?parent=2"}],"curies":[{"name":"wp","href":"https:\/\/api.w.org\/{rel}","templated":true}]}}